{"id":1365,"date":"2025-03-14T16:47:04","date_gmt":"2025-03-14T16:47:04","guid":{"rendered":"https:\/\/traslagares.com\/?page_id=1365"},"modified":"2025-04-11T16:42:26","modified_gmt":"2025-04-11T16:42:26","slug":"politica-de-cookies","status":"publish","type":"page","link":"https:\/\/traslagares.com\/en\/politica-de-cookies\/","title":{"rendered":"Pol\u00edtica de Cookies"},"content":{"rendered":"<div data-elementor-type=\"wp-page\" data-elementor-id=\"1365\" class=\"elementor elementor-1365\" data-elementor-post-type=\"page\">\n\t\t\t\t\t\t<section class=\"elementor-section elementor-top-section elementor-element elementor-element-5e3f7eab elementor-section-content-middle elementor-section-full_width elementor-section-height-min-height elementor-section-height-default elementor-section-items-middle\" data-id=\"5e3f7eab\" data-element_type=\"section\" data-settings=\"{&quot;background_background&quot;:&quot;classic&quot;}\">\n\t\t\t\t\t\t<div class=\"elementor-container elementor-column-gap-default\">\n\t\t\t\t\t<div class=\"elementor-column elementor-col-100 elementor-top-column elementor-element elementor-element-4b313ff1\" data-id=\"4b313ff1\" data-element_type=\"column\" data-settings=\"{&quot;background_background&quot;:&quot;classic&quot;}\">\n\t\t\t<div class=\"elementor-widget-wrap elementor-element-populated\">\n\t\t\t\t\t\t<div class=\"elementor-element elementor-element-50d6cb2c elementor-widget elementor-widget-heading\" data-id=\"50d6cb2c\" data-element_type=\"widget\" data-widget_type=\"heading.default\">\n\t\t\t\t<div class=\"elementor-widget-container\">\n\t\t\t\t\t<h1 class=\"elementor-heading-title elementor-size-default\">Cookies<\/h1>\t\t\t\t<\/div>\n\t\t\t\t<\/div>\n\t\t\t\t\t<\/div>\n\t\t<\/div>\n\t\t\t\t\t<\/div>\n\t\t<\/section>\n\t\t\t\t<section class=\"elementor-section elementor-top-section elementor-element elementor-element-23a9bbac elementor-section-height-min-height elementor-section-items-top elementor-section-boxed elementor-section-height-default\" data-id=\"23a9bbac\" data-element_type=\"section\">\n\t\t\t\t\t\t<div class=\"elementor-container elementor-column-gap-default\">\n\t\t\t\t\t<div class=\"elementor-column elementor-col-100 elementor-top-column elementor-element elementor-element-5470b854\" data-id=\"5470b854\" data-element_type=\"column\">\n\t\t\t<div class=\"elementor-widget-wrap elementor-element-populated\">\n\t\t\t\t\t\t<div class=\"elementor-element elementor-element-db64d05 elementor-widget elementor-widget-text-editor\" data-id=\"db64d05\" data-element_type=\"widget\" data-widget_type=\"text-editor.default\">\n\t\t\t\t<div class=\"elementor-widget-container\">\n\t\t\t\t\t\t\t\t\t<p><strong>Texto pol\u00edtica de cookies sitio web y tienda on line<\/strong><\/p><p>Informaci\u00f3n sobre cookies<\/p><p>Debido a la entrada en vigor de la referente modificaci\u00f3n de la \u00abley de servicios de la sociedad de la informaci\u00f3n\u00bb (lssice) establecida por el real decreto 13\/2012, es de obligaci\u00f3n obtener el consentimiento expreso del usuario de todas las p\u00e1ginas web que usan cookies prescindibles, antes de que este navegue por ellas.<\/p><p>\u00bfQu\u00e9 son las cookies?<\/p><p>Las cookies y otras tecnolog\u00edas similares tales como local shared objects, flash cookies o p\u00edxeles, son herramientas empleadas por los servidores web para almacenar y recuperar informaci\u00f3n acerca de sus visitantes, as\u00ed como para ofrecer un correcto funcionamiento del sitio. Mediante el uso de estos dispositivos se permite al servidor web recordar algunos datos concernientes al usuario, como sus preferencias para la visualizaci\u00f3n de las p\u00e1ginas de ese servidor, nombre y contrase\u00f1a, productos que m\u00e1s le interesan, etc.<\/p><p>Cookies afectadas por la normativa y cookies exceptuadas<\/p><p>Seg\u00fan la directiva de la ue, las cookies que requieren el consentimiento informado por parte del usuario son las cookies de anal\u00edtica y las de publicidad y afiliaci\u00f3n, quedando exceptuadas las de car\u00e1cter t\u00e9cnico y las necesarias para el funcionamiento del sitio web o la prestaci\u00f3n de servicios expresamente solicitados por el usuario.<\/p><p>Tipos de cookies seg\u00fan la finalidad<\/p><p><u>Cookies t\u00e9cnicas y funcionales<\/u>: son aquellas que permiten al usuario la navegaci\u00f3n a trav\u00e9s de una p\u00e1gina web, plataforma o aplicaci\u00f3n y la utilizaci\u00f3n de las diferentes opciones o servicios que en ella existan.<\/p><p><u>Cookies anal\u00edticas<\/u>: son aquellas que permiten al responsable de las mismas el seguimiento y an\u00e1lisis del comportamiento de los usuarios de los sitios web a los que est\u00e1n vinculadas. La informaci\u00f3n recogida mediante este tipo de cookies se utiliza en la medici\u00f3n de la actividad de los sitios web, aplicaci\u00f3n o plataforma y para la elaboraci\u00f3n de perfiles de navegaci\u00f3n de los usuarios de dichos sitios, aplicaciones y plataformas, con el fin de introducir mejoras en funci\u00f3n del an\u00e1lisis de los datos de uso que hacen los usuarios del servicio.<\/p><p><u>Cookies publicitarias<\/u>: son aquellas que permiten la gesti\u00f3n, de la forma m\u00e1s eficaz posible, de los espacios publicitarios que, en su caso, el editor haya incluido en una p\u00e1gina web, aplicaci\u00f3n o plataforma desde la que presta el servicio solicitado en base a criterios como el contenido editado o la frecuencia en la que se muestran los anuncios.<\/p><p><u>Cookies de publicidad comportamental<\/u>: recogen informaci\u00f3n sobre las preferencias y elecciones personales del usuario (retargeting) para permitir la gesti\u00f3n, de la forma m\u00e1s eficaz posible, de los espacios publicitarios que, en su caso, el editor haya incluido en una p\u00e1gina web, aplicaci\u00f3n o plataforma desde la que presta el servicio solicitado.<\/p><p><u>Cookies sociales<\/u>: son establecidas por las plataformas de redes sociales en los servicios para permitirle compartir contenido con sus amigos y redes. Las plataformas de medios sociales tienen la capacidad de rastrear su actividad en l\u00ednea fuera de los servicios. Esto puede afectar al contenido y los mensajes que ve en otros servicios que visita.<\/p><p><u>Cookies de afiliados<\/u>: permiten hacer un seguimiento de las visitas procedentes de otras webs, con las que el sitio web establece un contrato de afiliaci\u00f3n (empresas de afiliaci\u00f3n).<\/p><p><u>Cookies de seguridad<\/u>: almacenan informaci\u00f3n cifrada para evitar que los datos guardados en ellas sean vulnerables a ataques maliciosos de terceros.<\/p><p>Seg\u00fan la propiedad<\/p><p><u>Cookies propias<\/u>: son aquellas que se env\u00edan al equipo terminal del usuario desde un equipo o dominio gestionado por el propio editor y desde el que se presta el servicio solicitado por el usuario.<\/p><p><u>Cookies de terceros<\/u>: son aquellas que se env\u00edan al equipo terminal del usuario desde un equipo o dominio que no es gestionado por el editor, sino por otra entidad que trata los datos obtenidos trav\u00e9s de las cookies.<\/p><p>Seg\u00fan el plazo de conservaci\u00f3n<\/p><p><u>Cookies de sesi\u00f3n<\/u>: son un tipo de cookies dise\u00f1adas para recabar y almacenar datos mientras el usuario accede a una p\u00e1gina web.<\/p><p><u>Cookies persistentes<\/u>: son un tipo de cookies en el que los datos siguen almacenados en el terminal y pueden ser accedidos y tratados durante un per\u00edodo definido por el responsable de la cookie, y que puede ir de unos minutos a varios a\u00f1os.<\/p><p>La web que est\u00e1 visitando de Pago Traslagares S.L, utiliza cookies para mejorar la navegaci\u00f3n y obtener datos estad\u00edsticos.<\/p><p>Pago Traslagares S.L, no realiza directamente transferencias internacionales de datos de car\u00e1cter personal, no obstante, utiliza cookies de terceros, en concreto los servicios de google analytics prestados por google llc. La interacci\u00f3n con los usuarios por el uso de dicha herramienta puede implicar que este \u201ctercero\u201d realice transferencia internacional de datos, de tipo anal\u00edtico y t\u00e9cnico. La transferencia se realiza al amparo de cl\u00e1usulas contractuales autorizadas por la autoridad europea en materia de protecci\u00f3n de datos.<\/p><p>Estas son las cookies de nuestra p\u00e1gina web:<\/p><p><strong>Necesaria<\/strong><\/p><p>Las cookies necesarias son cruciales para las funciones b\u00e1sicas del sitio web y el sitio web no funcionar\u00e1 de la forma prevista sin ellas.<\/p><p>Estas cookies no almacenan ning\u00fan dato de identificaci\u00f3n personal.<\/p><table><thead><tr><td><p><strong>Cookie<\/strong><\/p><\/td><td><p><strong>Duraci\u00f3n<\/strong><\/p><\/td><td><p><strong>Descripci\u00f3n<\/strong><\/p><\/td><\/tr><\/thead><tbody><tr><td><p>Cookieyes-consent<\/p><\/td><td><p>1 a\u00f1o<\/p><\/td><td><p>Cookieyes establece esta cookie para recordar las preferencias de consentimiento de los usuarios, de modo que se respeten sus preferencias en las siguientes visitas a este sitio. No recoge ni almacena ninguna informaci\u00f3n personal sobre los visitantes del sitio.<\/p><\/td><\/tr><tr><td><p>Elementor<\/p><\/td><td><p>Nunca<\/p><\/td><td><p>El tema de wordpress del sitio web establece esta cookie. Permite al propietario del sitio web implementar o cambiar el contenido del sitio web en tiempo real.<\/p><\/td><\/tr><\/tbody><\/table><p><strong>Anal\u00edtica<\/strong><\/p><p>Las cookies anal\u00edticas se utilizan para comprender c\u00f3mo interact\u00faan los visitantes con el sitio web. Estas cookies ayudan a proporcionar informaci\u00f3n sobre m\u00e9tricas el n\u00famero de visitantes, el porcentaje de rebote, la fuente de tr\u00e1fico, etc.<\/p><table><thead><tr><td><p><strong>Cookie<\/strong><\/p><\/td><td><p><strong>Duraci\u00f3n<\/strong><\/p><\/td><td><p><strong>Descripci\u00f3n<\/strong><\/p><\/td><\/tr><\/thead><tbody><tr><td><p>_gcl_au<\/p><\/td><td><p>3 meses<\/p><\/td><td><p>Google tag manager establece la cookie para experimentar la eficacia publicitaria de los sitios web que utilizan sus servicios.<\/p><\/td><\/tr><tr><td><p>_fbp<\/p><\/td><td><p>3 meses<\/p><\/td><td><p>Facebook establece esta cookie para mostrar anuncios en facebook o en una plataforma digital con publicidad de facebook despu\u00e9s de visitar el sitio web.<\/p><\/td><\/tr><tr><td><p>_gid<\/p><\/td><td><p>1 d\u00eda<\/p><\/td><td><p>Google analytics establece esta cookie para almacenar informaci\u00f3n sobre el uso que hacen los visitantes de un sitio web, al tiempo que crea un informe anal\u00edtico sobre el rendimiento del sitio. Algunos de los datos recogidos incluyen el n\u00famero de visitantes, su origen y las p\u00e1ginas que visitan de forma an\u00f3nima.<\/p><\/td><\/tr><tr><td><p>_gat_ua-*<\/p><\/td><td><p>1 minuto<\/p><\/td><td><p>Google analytics sets this cookie for user behaviour tracking.<\/p><\/td><\/tr><tr><td><p>_ga_*<\/p><\/td><td><p>1 a\u00f1o 1 mes 4 d\u00edas<\/p><\/td><td><p>Google analytics sets this cookie to store and count page views.<\/p><\/td><\/tr><tr><td><p>_ga<\/p><\/td><td><p>1 a\u00f1o 1 mes 4 d\u00edas<\/p><\/td><td><p>Google analytics establece esta cookie para calcular los datos de los visitantes, de las sesiones y de las campa\u00f1as y para hacer un seguimiento del uso del sitio para el informe de an\u00e1lisis del sitio. La cookie almacena la informaci\u00f3n de forma an\u00f3nima y asigna un n\u00famero generado aleatoriamente para reconocer a los visitantes \u00fanicos.<\/p><\/td><\/tr><tr><td><p>Consent<\/p><\/td><td><p>2 a\u00f1os<\/p><\/td><td><p>Youtube establece esta cookie a trav\u00e9s de los v\u00eddeos incrustados de youtube y registra datos estad\u00edsticos an\u00f3nimos.<\/p><\/td><\/tr><\/tbody><\/table><p><strong>Anuncio<\/strong><\/p><p>Las cookies publicitarias se utilizan para entregar a los visitantes anuncios personalizados basados \u200b\u200ben las p\u00e1ginas que visitaron antes y analizar la efectividad de la campa\u00f1a publicitaria.<\/p><table width=\"100%\"><thead><tr><td width=\"17%\"><p><strong>Cookie<\/strong><\/p><\/td><td width=\"9%\"><p><strong>Duraci\u00f3n<\/strong><\/p><\/td><td width=\"71%\"><p><strong>Descripci\u00f3n<\/strong><\/p><\/td><\/tr><\/thead><tbody><tr><td width=\"17%\"><p>Test_cookie<\/p><\/td><td width=\"9%\"><p>15 minutos<\/p><\/td><td width=\"71%\"><p>Doubleclick.net establece esta cookie para determinar si el navegador del usuario es compatible con las cookies.<\/p><\/td><\/tr><tr><td width=\"17%\"><p>Ide<\/p><\/td><td width=\"9%\"><p>1 a\u00f1o 24 d\u00edas<\/p><\/td><td width=\"71%\"><p>Las cookies de google doubleclick ide almacenan informaci\u00f3n sobre el uso que el usuario hace del sitio web para presentarle anuncios relevantes seg\u00fan su perfil.<\/p><\/td><\/tr><tr><td width=\"17%\"><p>Ysc<\/p><\/td><td width=\"9%\"><p>Sesi\u00f3n<\/p><\/td><td width=\"71%\"><p>Youtube establece esta cookie para hacer un seguimiento de las visualizaciones de los v\u00eddeos incrustados en las p\u00e1ginas de youtube.<\/p><\/td><\/tr><tr><td width=\"17%\"><p>Visitor_info1_live<\/p><\/td><td width=\"9%\"><p>5 meses 27 d\u00edas<\/p><\/td><td width=\"71%\"><p>Youtube establece esta cookie para medir el ancho de banda y determinar si el usuario recibe la nueva o la antigua interfaz del reproductor.<\/p><\/td><\/tr><tr><td width=\"17%\"><p>Yt-remote-device-id<\/p><\/td><td width=\"9%\"><p>Nunca<\/p><\/td><td width=\"71%\"><p>Youtube establece esta cookie para almacenar las preferencias de v\u00eddeo del usuario que utiliza los v\u00eddeos incrustados de youtube.<\/p><\/td><\/tr><tr><td width=\"17%\"><p>Yt.innertube::requests<\/p><\/td><td width=\"9%\"><p>Nunca<\/p><\/td><td width=\"71%\"><p>Youtube establece esta cookie para registrar un id \u00fanico para almacenar datos sobre los v\u00eddeos de youtube que el usuario ha visto.<\/p><\/td><\/tr><tr><td width=\"17%\"><p>Yt-remote-connected-devices<\/p><\/td><td width=\"9%\"><p>Nunca<\/p><\/td><td width=\"71%\"><p>Youtube establece esta cookie para almacenar las preferencias de v\u00eddeo del usuario que utiliza los v\u00eddeos incrustados de youtube.<\/p><\/td><\/tr><tr><td width=\"17%\"><p>Yt.innertube::nextid<\/p><\/td><td width=\"9%\"><p>Nunca<\/p><\/td><td width=\"71%\"><p>Youtube establece esta cookie para registrar un id \u00fanico para almacenar datos sobre los v\u00eddeos de youtube que el usuario ha visto.<\/p><\/td><\/tr><tr><td width=\"17%\"><p>Fr<\/p><\/td><td width=\"9%\"><p>3 meses<\/p><\/td><td width=\"71%\"><p>Facebook establece esta cookie para mostrar anuncios relevantes mediante el seguimiento del comportamiento del usuario a trav\u00e9s de la web, en sitios con el p\u00edxel de facebook o el plugin social de facebook.<\/p><\/td><\/tr><\/tbody><\/table><p><strong>Nezaraden\u00e9 do kateg\u00f3rie<\/strong><\/p><p>Otras cookies no categorizadas son las que se est\u00e1n analizando y a\u00fan no se han clasificado en una categor\u00eda.<\/p><table><thead><tr><td><p><strong>Cookie<\/strong><\/p><\/td><td><p><strong>Duraci\u00f3n<\/strong><\/p><\/td><td><p><strong>Descripci\u00f3n<\/strong><\/p><\/td><\/tr><\/thead><tbody><tr><td><p>Fmecc_cookie_value_logged_out_user<\/p><\/td><td><p>3 horas<\/p><\/td><td><p>Description is currently not available.<\/p><\/td><\/tr><tr><td><p>Wevarnishpass<\/p><\/td><td><p>Caducada<\/p><\/td><td><p>Description is currently not available.<\/p><\/td><\/tr><tr><td><p>_wcml_appointment_currency<\/p><\/td><td><p>1 d\u00eda<\/p><\/td><td><p>No description available.<\/p><\/td><\/tr><\/tbody><\/table><p>Puede informarse de las transferencias a terceros pa\u00edses que, en su caso, realizan los terceros identificados en esta pol\u00edtica de cookies en sus correspondientes pol\u00edticas.<\/p><p>Las cookies son archivos de texto que se instalan en el equipo desde el que se accede a esta p\u00e1gina y que env\u00edan, de forma autom\u00e1tica, informaci\u00f3n a nuestro servidor. Las cookies no son virus inform\u00e1ticos. No da\u00f1an su ordenador ni ralentizan su funcionamiento. Puede eliminarlas en cualquier momento, o rechazarlas configurando el programa de navegaci\u00f3n que utiliza.<\/p><p>Si no desea recibir estas cookies, puede configurar su navegador para que sean rechazadas.<\/p><p>El men\u00fa de configuraci\u00f3n de las cookies y, en su caso, de la navegaci\u00f3n privada en cada uno de los navegadores principales es el siguiente:<\/p><ul><li>Internet explorer: herramientas -&gt; opciones de internet -&gt; privacidad -&gt; configuraci\u00f3n.<\/li><li>Para m\u00e1s informaci\u00f3n, puede consultar el soporte de microsoft o la ayuda del navegador.<\/li><li>Firefox: herramientas -&gt; opciones -&gt; privacidad -&gt; historial -&gt; configuraci\u00f3n personalizada.<\/li><\/ul><ul><li>Para m\u00e1s informaci\u00f3n, puede consultar el soporte de mozilla o la ayuda del navegador.<\/li><li>Chrome: configuraci\u00f3n -&gt; mostrar opciones avanzadas -&gt; privacidad -&gt; configuraci\u00f3n de contenido.<\/li><\/ul><p>Para m\u00e1s informaci\u00f3n, puede consultar el soporte de google o la ayuda del navegador.<\/p><ul><li>Safari: preferencias -&gt; seguridad.<\/li><\/ul><p>Para m\u00e1s informaci\u00f3n, puede consultar el soporte de apple o la ayuda del navegador.<\/p><p>Pago Traslagares S.L, utiliza cookies propias, generadas por nuestro servidor. Estas cookies tienen las siguientes funciones:<\/p><p><u>Cookies de autenticaci\u00f3n<\/u>: se utilizan para reconocer a los usuarios registrados que se han \u201clogado\u201d en una p\u00e1gina web. Son las cookies que permiten que usted acceda a las secciones de acceso restringido de la web, en caso de que se le hayan otorgado claves de acceso para ello.<\/p><p>Si rechaza su instalaci\u00f3n o las borra, sus claves de acceso no funcionar\u00e1n de forma correcta.<\/p><p><u>Cookies de personalizaci\u00f3n de interfaz<\/u>: las usamos para facilitar su navegaci\u00f3n. Son las que permiten recordar el tama\u00f1o de la letra del texto para configurar nuestra web autom\u00e1ticamente conforme a sus preferencias durante su visita.<\/p><p>Si rechaza su instalaci\u00f3n o las borra, la navegaci\u00f3n por nuestra web no ser\u00e1 tan sencilla.<\/p><p>Si tiene alguna duda sobre nuestra pol\u00edtica de cookies, p\u00f3ngase en contacto con nosotros en la siguiente direcci\u00f3n: autovia noroeste, 166, km. 47490, rueda, valladolid, o a trav\u00e9s de la direcci\u00f3n de correo electr\u00f3nico\u00a0<a href=\"mailto:rgpd@cuatrorayas.es\">info@traslagares.com<\/a><\/p>\t\t\t\t\t\t\t\t<\/div>\n\t\t\t\t<\/div>\n\t\t\t\t\t<\/div>\n\t\t<\/div>\n\t\t\t\t\t<\/div>\n\t\t<\/section>\n\t\t\t\t<\/div>","protected":false},"excerpt":{"rendered":"<p>Cookies Texto pol\u00edtica de cookies sitio web y tienda on line Informaci\u00f3n sobre cookies Debido a la entrada en vigor de la referente modificaci\u00f3n de la \u00abley de servicios de la sociedad de la informaci\u00f3n\u00bb (lssice) establecida por el real decreto 13\/2012, es de obligaci\u00f3n obtener el consentimiento expreso del usuario de todas las p\u00e1ginas [&hellip;]<\/p>","protected":false},"author":1,"featured_media":0,"parent":0,"menu_order":0,"comment_status":"closed","ping_status":"closed","template":"elementor_header_footer","meta":{"footnotes":""},"class_list":["post-1365","page","type-page","status-publish","hentry"],"_links":{"self":[{"href":"https:\/\/traslagares.com\/en\/wp-json\/wp\/v2\/pages\/1365","targetHints":{"allow":["GET"]}}],"collection":[{"href":"https:\/\/traslagares.com\/en\/wp-json\/wp\/v2\/pages"}],"about":[{"href":"https:\/\/traslagares.com\/en\/wp-json\/wp\/v2\/types\/page"}],"author":[{"embeddable":true,"href":"https:\/\/traslagares.com\/en\/wp-json\/wp\/v2\/users\/1"}],"replies":[{"embeddable":true,"href":"https:\/\/traslagares.com\/en\/wp-json\/wp\/v2\/comments?post=1365"}],"version-history":[{"count":10,"href":"https:\/\/traslagares.com\/en\/wp-json\/wp\/v2\/pages\/1365\/revisions"}],"predecessor-version":[{"id":1449,"href":"https:\/\/traslagares.com\/en\/wp-json\/wp\/v2\/pages\/1365\/revisions\/1449"}],"wp:attachment":[{"href":"https:\/\/traslagares.com\/en\/wp-json\/wp\/v2\/media?parent=1365"}],"curies":[{"name":"wp","href":"https:\/\/api.w.org\/{rel}","templated":true}]}}