{"id":94,"date":"2020-10-21T11:07:53","date_gmt":"2020-10-21T11:07:53","guid":{"rendered":"https:\/\/traslagares.com\/?page_id=94"},"modified":"2025-04-11T18:22:24","modified_gmt":"2025-04-11T18:22:24","slug":"vinos","status":"publish","type":"page","link":"https:\/\/traslagares.com\/en\/vinos\/","title":{"rendered":"Wines"},"content":{"rendered":"<div data-elementor-type=\"wp-page\" data-elementor-id=\"94\" class=\"elementor elementor-94\" data-elementor-post-type=\"page\">\n\t\t\t\t\t\t<section class=\"elementor-section elementor-top-section elementor-element elementor-element-e6f3570 elementor-section-content-middle elementor-section-full_width elementor-section-height-min-height elementor-section-height-default elementor-section-items-middle\" data-id=\"e6f3570\" data-element_type=\"section\" data-settings=\"{&quot;background_background&quot;:&quot;classic&quot;}\">\n\t\t\t\t\t\t<div class=\"elementor-container elementor-column-gap-default\">\n\t\t\t\t\t<div class=\"elementor-column elementor-col-100 elementor-top-column elementor-element elementor-element-444347ed\" data-id=\"444347ed\" data-element_type=\"column\" data-settings=\"{&quot;background_background&quot;:&quot;classic&quot;}\">\n\t\t\t<div class=\"elementor-widget-wrap elementor-element-populated\">\n\t\t\t\t\t\t<div class=\"elementor-element elementor-element-3e81c164 elementor-widget elementor-widget-heading\" data-id=\"3e81c164\" data-element_type=\"widget\" data-widget_type=\"heading.default\">\n\t\t\t\t<div class=\"elementor-widget-container\">\n\t\t\t\t\t<h1 class=\"elementor-heading-title elementor-size-default\">Our wines<\/h1>\t\t\t\t<\/div>\n\t\t\t\t<\/div>\n\t\t\t\t\t<\/div>\n\t\t<\/div>\n\t\t\t\t\t<\/div>\n\t\t<\/section>\n\t\t\t\t<section class=\"elementor-section elementor-top-section elementor-element elementor-element-198c123b elementor-section-boxed elementor-section-height-default elementor-section-height-default\" data-id=\"198c123b\" data-element_type=\"section\">\n\t\t\t\t\t\t<div class=\"elementor-container elementor-column-gap-no\">\n\t\t\t\t\t<div class=\"elementor-column elementor-col-50 elementor-top-column elementor-element elementor-element-7d137588\" data-id=\"7d137588\" data-element_type=\"column\">\n\t\t\t<div class=\"elementor-widget-wrap elementor-element-populated\">\n\t\t\t\t\t\t<div class=\"elementor-element elementor-element-7883bc61 elementor-hidden-phone elementor-widget elementor-widget-image\" data-id=\"7883bc61\" data-element_type=\"widget\" data-settings=\"{&quot;motion_fx_motion_fx_mouse&quot;:&quot;yes&quot;,&quot;motion_fx_mouseTrack_effect&quot;:&quot;yes&quot;,&quot;motion_fx_mouseTrack_speed&quot;:{&quot;unit&quot;:&quot;px&quot;,&quot;size&quot;:0.2,&quot;sizes&quot;:[]}}\" data-widget_type=\"image.default\">\n\t\t\t\t<div class=\"elementor-widget-container\">\n\t\t\t\t\t\t\t\t\t\t\t\t\t\t\t<img fetchpriority=\"high\" decoding=\"async\" width=\"800\" height=\"534\" src=\"https:\/\/traslagares.com\/wp-content\/uploads\/2022\/08\/Traslagares-Botellas-Bodega-3-1-scaled2-1024x683.jpg\" class=\"attachment-large size-large wp-image-1105\" alt=\"Vinos Traslagares\" srcset=\"https:\/\/traslagares.com\/wp-content\/uploads\/2022\/08\/Traslagares-Botellas-Bodega-3-1-scaled2-1024x683.jpg 1024w, https:\/\/traslagares.com\/wp-content\/uploads\/2022\/08\/Traslagares-Botellas-Bodega-3-1-scaled2-300x200.jpg 300w, https:\/\/traslagares.com\/wp-content\/uploads\/2022\/08\/Traslagares-Botellas-Bodega-3-1-scaled2-768x512.jpg 768w, https:\/\/traslagares.com\/wp-content\/uploads\/2022\/08\/Traslagares-Botellas-Bodega-3-1-scaled2-1536x1024.jpg 1536w, https:\/\/traslagares.com\/wp-content\/uploads\/2022\/08\/Traslagares-Botellas-Bodega-3-1-scaled2-2048x1366.jpg 2048w\" sizes=\"(max-width: 800px) 100vw, 800px\" \/>\t\t\t\t\t\t\t\t\t\t\t\t\t\t\t<\/div>\n\t\t\t\t<\/div>\n\t\t\t\t<div class=\"elementor-element elementor-element-f7f42ec elementor-hidden-phone elementor-widget elementor-widget-image\" data-id=\"f7f42ec\" data-element_type=\"widget\" data-settings=\"{&quot;motion_fx_motion_fx_mouse&quot;:&quot;yes&quot;,&quot;motion_fx_mouseTrack_effect&quot;:&quot;yes&quot;,&quot;motion_fx_mouseTrack_direction&quot;:&quot;negative&quot;,&quot;motion_fx_mouseTrack_speed&quot;:{&quot;unit&quot;:&quot;px&quot;,&quot;size&quot;:0.2,&quot;sizes&quot;:[]}}\" data-widget_type=\"image.default\">\n\t\t\t\t<div class=\"elementor-widget-container\">\n\t\t\t\t\t\t\t\t\t\t\t\t\t\t\t<img decoding=\"async\" width=\"800\" height=\"534\" src=\"https:\/\/traslagares.com\/wp-content\/uploads\/2020\/11\/Bodegas-Pago-Traslagares-174-1024x683.jpg\" class=\"attachment-large size-large wp-image-405\" alt=\"Vinos traslagares\" srcset=\"https:\/\/traslagares.com\/wp-content\/uploads\/2020\/11\/Bodegas-Pago-Traslagares-174-1024x683.jpg 1024w, https:\/\/traslagares.com\/wp-content\/uploads\/2020\/11\/Bodegas-Pago-Traslagares-174-scaled-600x400.jpg 600w, https:\/\/traslagares.com\/wp-content\/uploads\/2020\/11\/Bodegas-Pago-Traslagares-174-300x200.jpg 300w, https:\/\/traslagares.com\/wp-content\/uploads\/2020\/11\/Bodegas-Pago-Traslagares-174-768x512.jpg 768w, https:\/\/traslagares.com\/wp-content\/uploads\/2020\/11\/Bodegas-Pago-Traslagares-174-1536x1024.jpg 1536w, https:\/\/traslagares.com\/wp-content\/uploads\/2020\/11\/Bodegas-Pago-Traslagares-174-2048x1366.jpg 2048w\" sizes=\"(max-width: 800px) 100vw, 800px\" \/>\t\t\t\t\t\t\t\t\t\t\t\t\t\t\t<\/div>\n\t\t\t\t<\/div>\n\t\t\t\t<div class=\"elementor-element elementor-element-5981a01 elementor-widget elementor-widget-image\" data-id=\"5981a01\" data-element_type=\"widget\" data-settings=\"{&quot;motion_fx_motion_fx_mouse&quot;:&quot;yes&quot;,&quot;motion_fx_mouseTrack_effect&quot;:&quot;yes&quot;,&quot;motion_fx_mouseTrack_speed&quot;:{&quot;unit&quot;:&quot;px&quot;,&quot;size&quot;:0.3,&quot;sizes&quot;:[]}}\" data-widget_type=\"image.default\">\n\t\t\t\t<div class=\"elementor-widget-container\">\n\t\t\t\t\t\t\t\t\t\t\t\t\t\t\t<img decoding=\"async\" width=\"296\" height=\"532\" src=\"https:\/\/traslagares.com\/wp-content\/uploads\/2020\/10\/figura2.png\" class=\"attachment-large size-large wp-image-120\" alt=\"\" srcset=\"https:\/\/traslagares.com\/wp-content\/uploads\/2020\/10\/figura2.png 296w, https:\/\/traslagares.com\/wp-content\/uploads\/2020\/10\/figura2-167x300.png 167w\" sizes=\"(max-width: 296px) 100vw, 296px\" \/>\t\t\t\t\t\t\t\t\t\t\t\t\t\t\t<\/div>\n\t\t\t\t<\/div>\n\t\t\t\t\t<\/div>\n\t\t<\/div>\n\t\t\t\t<div class=\"elementor-column elementor-col-50 elementor-top-column elementor-element elementor-element-11b6127e elementor-invisible\" data-id=\"11b6127e\" data-element_type=\"column\" data-settings=\"{&quot;animation&quot;:&quot;slideInRight&quot;}\">\n\t\t\t<div class=\"elementor-widget-wrap elementor-element-populated\">\n\t\t\t\t\t\t<div class=\"elementor-element elementor-element-32222469 elementor-widget elementor-widget-heading\" data-id=\"32222469\" data-element_type=\"widget\" data-widget_type=\"heading.default\">\n\t\t\t\t<div class=\"elementor-widget-container\">\n\t\t\t\t\t<h2 class=\"elementor-heading-title elementor-size-default\">From the tradition inherited from our grandparents<\/h2>\t\t\t\t<\/div>\n\t\t\t\t<\/div>\n\t\t\t\t<div class=\"elementor-element elementor-element-31450aae elementor-widget elementor-widget-heading\" data-id=\"31450aae\" data-element_type=\"widget\" data-widget_type=\"heading.default\">\n\t\t\t\t<div class=\"elementor-widget-container\">\n\t\t\t\t\t<h2 class=\"elementor-heading-title elementor-size-default\">The wines<\/h2>\t\t\t\t<\/div>\n\t\t\t\t<\/div>\n\t\t\t\t<div class=\"elementor-element elementor-element-38e5a3a8 elementor-widget elementor-widget-text-editor\" data-id=\"38e5a3a8\" data-element_type=\"widget\" data-widget_type=\"text-editor.default\">\n\t\t\t\t<div class=\"elementor-widget-container\">\n\t\t\t\t\t\t\t\t\t<p>Todos los <strong>vinos<\/strong> de la bodega Traslagares son blancos con la denominaci\u00f3n de origen de Rueda. Nuestra superficie de vi\u00f1edo es de 35 hect\u00e1reas, de las que 1,5 son de Sauvignon Blanc y el resto de la variedad aut\u00f3ctona, la Verdeja. La mayor parte de nuestros cepas tienen m\u00e1s de veinte a\u00f1os y se reparten en tres pagos: Traslagares, Torre\u00f3n y Pap\u00edn.<\/p><p>Nuestro secreto es una combinaci\u00f3n de la calidad de nuestras uvas, obtenida mediante el esmero en los cuidados de las vi\u00f1as y de una elaboraci\u00f3n dedicada y profesional. La gran diferencia de temperatura entre el d\u00eda y la noche equilibra el az\u00facar que la uva gana con el sol y la acidez que no pierde durante las frescas noches.<\/p><p>The lenth of both fermentation and aging on the lees is determined by our winemaker based on the characteristics of the wine and its evolution.<\/p>\t\t\t\t\t\t\t\t<\/div>\n\t\t\t\t<\/div>\n\t\t\t\t\t<\/div>\n\t\t<\/div>\n\t\t\t\t\t<\/div>\n\t\t<\/section>\n\t\t\t\t<section class=\"elementor-section elementor-inner-section elementor-element elementor-element-4e8339f0 elementor-section-boxed elementor-section-height-default elementor-section-height-default\" data-id=\"4e8339f0\" data-element_type=\"section\">\n\t\t\t\t\t\t<div class=\"elementor-container elementor-column-gap-extended\">\n\t\t\t\t\t<div class=\"elementor-column elementor-col-25 elementor-inner-column elementor-element elementor-element-58601768 elementor-invisible\" data-id=\"58601768\" data-element_type=\"column\" data-settings=\"{&quot;animation&quot;:&quot;fadeInLeft&quot;}\">\n\t\t\t<div class=\"elementor-widget-wrap elementor-element-populated\">\n\t\t\t\t\t\t<div class=\"elementor-element elementor-element-2a6766a1 elementor-widget elementor-widget-image\" data-id=\"2a6766a1\" data-element_type=\"widget\" data-widget_type=\"image.default\">\n\t\t\t\t<div class=\"elementor-widget-container\">\n\t\t\t\t\t\t\t\t\t\t\t\t\t\t\t<img loading=\"lazy\" decoding=\"async\" width=\"1024\" height=\"1024\" src=\"https:\/\/traslagares.com\/wp-content\/uploads\/2021\/01\/circulo1.png\" class=\"attachment-full size-full wp-image-841\" alt=\"\" srcset=\"https:\/\/traslagares.com\/wp-content\/uploads\/2021\/01\/circulo1.png 1024w, https:\/\/traslagares.com\/wp-content\/uploads\/2021\/01\/circulo1-300x300.png 300w, https:\/\/traslagares.com\/wp-content\/uploads\/2021\/01\/circulo1-100x100.png 100w, https:\/\/traslagares.com\/wp-content\/uploads\/2021\/01\/circulo1-600x600.png 600w, https:\/\/traslagares.com\/wp-content\/uploads\/2021\/01\/circulo1-150x150.png 150w, https:\/\/traslagares.com\/wp-content\/uploads\/2021\/01\/circulo1-768x768.png 768w, https:\/\/traslagares.com\/wp-content\/uploads\/2021\/01\/circulo1-700x700.png 700w\" sizes=\"(max-width: 1024px) 100vw, 1024px\" \/>\t\t\t\t\t\t\t\t\t\t\t\t\t\t\t<\/div>\n\t\t\t\t<\/div>\n\t\t\t\t<div class=\"elementor-element elementor-element-4428da13 elementor-widget elementor-widget-image\" data-id=\"4428da13\" data-element_type=\"widget\" data-widget_type=\"image.default\">\n\t\t\t\t<div class=\"elementor-widget-container\">\n\t\t\t\t\t\t\t\t\t\t\t\t\t\t\t<img loading=\"lazy\" decoding=\"async\" width=\"237\" height=\"1024\" src=\"https:\/\/traslagares.com\/wp-content\/uploads\/2021\/01\/verdejo-237x1024.png\" class=\"attachment-large size-large wp-image-780\" alt=\"Vinos 100% verdejo 2024\" srcset=\"\" sizes=\"(max-width: 237px) 100vw, 237px\" data-srcset=\"\" \/>\t\t\t\t\t\t\t\t\t\t\t\t\t\t\t<\/div>\n\t\t\t\t<\/div>\n\t\t\t\t<div class=\"elementor-element elementor-element-4b103eaa elementor-widget elementor-widget-heading\" data-id=\"4b103eaa\" data-element_type=\"widget\" data-widget_type=\"heading.default\">\n\t\t\t\t<div class=\"elementor-widget-container\">\n\t\t\t\t\t<h2 class=\"elementor-heading-title elementor-size-default\">100 % Verdejo<\/h2>\t\t\t\t<\/div>\n\t\t\t\t<\/div>\n\t\t\t\t<div class=\"elementor-element elementor-element-4125d311 elementor-align-center elementor-widget elementor-widget-button\" data-id=\"4125d311\" data-element_type=\"widget\" data-widget_type=\"button.default\">\n\t\t\t\t<div class=\"elementor-widget-container\">\n\t\t\t\t\t\t\t\t\t<div class=\"elementor-button-wrapper\">\n\t\t\t\t\t<a class=\"elementor-button elementor-button-link elementor-size-xs\" href=\"https:\/\/traslagares.com\/wp-content\/uploads\/2025\/03\/Nota-de-Cata-Verdejo-2024.pdf\" target=\"_blank\">\n\t\t\t\t\t\t<span class=\"elementor-button-content-wrapper\">\n\t\t\t\t\t\t<span class=\"elementor-button-icon\">\n\t\t\t\t<i aria-hidden=\"true\" class=\"fas fa-angle-down\"><\/i>\t\t\t<\/span>\n\t\t\t\t\t\t\t\t\t<span class=\"elementor-button-text\">Download tasting note<\/span>\n\t\t\t\t\t<\/span>\n\t\t\t\t\t<\/a>\n\t\t\t\t<\/div>\n\t\t\t\t\t\t\t\t<\/div>\n\t\t\t\t<\/div>\n\t\t\t\t\t<\/div>\n\t\t<\/div>\n\t\t\t\t<div class=\"elementor-column elementor-col-25 elementor-inner-column elementor-element elementor-element-615eab85 elementor-invisible\" data-id=\"615eab85\" data-element_type=\"column\" data-settings=\"{&quot;animation&quot;:&quot;fadeInUp&quot;}\">\n\t\t\t<div class=\"elementor-widget-wrap elementor-element-populated\">\n\t\t\t\t\t\t<div class=\"elementor-element elementor-element-2ce4bf7 elementor-widget elementor-widget-image\" data-id=\"2ce4bf7\" data-element_type=\"widget\" data-widget_type=\"image.default\">\n\t\t\t\t<div class=\"elementor-widget-container\">\n\t\t\t\t\t\t\t\t\t\t\t\t\t\t\t<img loading=\"lazy\" decoding=\"async\" width=\"1024\" height=\"1024\" src=\"https:\/\/traslagares.com\/wp-content\/uploads\/2021\/02\/circulo2.png\" class=\"attachment-full size-full wp-image-898\" alt=\"\" srcset=\"https:\/\/traslagares.com\/wp-content\/uploads\/2021\/02\/circulo2.png 1024w, https:\/\/traslagares.com\/wp-content\/uploads\/2021\/02\/circulo2-300x300.png 300w, https:\/\/traslagares.com\/wp-content\/uploads\/2021\/02\/circulo2-100x100.png 100w, https:\/\/traslagares.com\/wp-content\/uploads\/2021\/02\/circulo2-600x600.png 600w, https:\/\/traslagares.com\/wp-content\/uploads\/2021\/02\/circulo2-150x150.png 150w, https:\/\/traslagares.com\/wp-content\/uploads\/2021\/02\/circulo2-768x768.png 768w, https:\/\/traslagares.com\/wp-content\/uploads\/2021\/02\/circulo2-700x700.png 700w\" sizes=\"(max-width: 1024px) 100vw, 1024px\" \/>\t\t\t\t\t\t\t\t\t\t\t\t\t\t\t<\/div>\n\t\t\t\t<\/div>\n\t\t\t\t<div class=\"elementor-element elementor-element-47cb1ad8 elementor-widget elementor-widget-image\" data-id=\"47cb1ad8\" data-element_type=\"widget\" data-widget_type=\"image.default\">\n\t\t\t\t<div class=\"elementor-widget-container\">\n\t\t\t\t\t\t\t\t\t\t\t\t\t\t\t<img loading=\"lazy\" decoding=\"async\" width=\"237\" height=\"1024\" src=\"https:\/\/traslagares.com\/wp-content\/uploads\/2021\/01\/sauvignon-237x1024.png\" class=\"attachment-large size-large wp-image-779\" alt=\"vinos sauvignon\" srcset=\"\" sizes=\"(max-width: 237px) 100vw, 237px\" data-srcset=\"\" \/>\t\t\t\t\t\t\t\t\t\t\t\t\t\t\t<\/div>\n\t\t\t\t<\/div>\n\t\t\t\t<div class=\"elementor-element elementor-element-7be712fa elementor-widget elementor-widget-heading\" data-id=\"7be712fa\" data-element_type=\"widget\" data-widget_type=\"heading.default\">\n\t\t\t\t<div class=\"elementor-widget-container\">\n\t\t\t\t\t<h2 class=\"elementor-heading-title elementor-size-default\">Sauvignon <\/h2>\t\t\t\t<\/div>\n\t\t\t\t<\/div>\n\t\t\t\t<div class=\"elementor-element elementor-element-8099085 elementor-align-center elementor-widget elementor-widget-button\" data-id=\"8099085\" data-element_type=\"widget\" data-widget_type=\"button.default\">\n\t\t\t\t<div class=\"elementor-widget-container\">\n\t\t\t\t\t\t\t\t\t<div class=\"elementor-button-wrapper\">\n\t\t\t\t\t<a class=\"elementor-button elementor-button-link elementor-size-xs\" href=\"https:\/\/traslagares.com\/wp-content\/uploads\/2025\/03\/Nota-de-Cata-Sauvignon-2024.pdf\" target=\"_blank\">\n\t\t\t\t\t\t<span class=\"elementor-button-content-wrapper\">\n\t\t\t\t\t\t<span class=\"elementor-button-icon\">\n\t\t\t\t<i aria-hidden=\"true\" class=\"fas fa-angle-down\"><\/i>\t\t\t<\/span>\n\t\t\t\t\t\t\t\t\t<span class=\"elementor-button-text\">Download tasting note<\/span>\n\t\t\t\t\t<\/span>\n\t\t\t\t\t<\/a>\n\t\t\t\t<\/div>\n\t\t\t\t\t\t\t\t<\/div>\n\t\t\t\t<\/div>\n\t\t\t\t\t<\/div>\n\t\t<\/div>\n\t\t\t\t<div class=\"elementor-column elementor-col-25 elementor-inner-column elementor-element elementor-element-1fb0a28a elementor-invisible\" data-id=\"1fb0a28a\" data-element_type=\"column\" data-settings=\"{&quot;animation&quot;:&quot;fadeInRight&quot;,&quot;background_background&quot;:&quot;classic&quot;}\">\n\t\t\t<div class=\"elementor-widget-wrap elementor-element-populated\">\n\t\t\t\t\t\t<div class=\"elementor-element elementor-element-f1a792d elementor-widget elementor-widget-image\" data-id=\"f1a792d\" data-element_type=\"widget\" data-widget_type=\"image.default\">\n\t\t\t\t<div class=\"elementor-widget-container\">\n\t\t\t\t\t\t\t\t\t\t\t\t\t\t\t<img loading=\"lazy\" decoding=\"async\" width=\"1024\" height=\"1024\" src=\"https:\/\/traslagares.com\/wp-content\/uploads\/2020\/11\/circulo3.png\" class=\"attachment-full size-full wp-image-904\" alt=\"\" srcset=\"https:\/\/traslagares.com\/wp-content\/uploads\/2020\/11\/circulo3.png 1024w, https:\/\/traslagares.com\/wp-content\/uploads\/2020\/11\/circulo3-300x300.png 300w, https:\/\/traslagares.com\/wp-content\/uploads\/2020\/11\/circulo3-100x100.png 100w, https:\/\/traslagares.com\/wp-content\/uploads\/2020\/11\/circulo3-600x600.png 600w, https:\/\/traslagares.com\/wp-content\/uploads\/2020\/11\/circulo3-150x150.png 150w, https:\/\/traslagares.com\/wp-content\/uploads\/2020\/11\/circulo3-768x768.png 768w, https:\/\/traslagares.com\/wp-content\/uploads\/2020\/11\/circulo3-700x700.png 700w\" sizes=\"(max-width: 1024px) 100vw, 1024px\" \/>\t\t\t\t\t\t\t\t\t\t\t\t\t\t\t<\/div>\n\t\t\t\t<\/div>\n\t\t\t\t<div class=\"elementor-element elementor-element-21a4609 elementor-widget elementor-widget-image\" data-id=\"21a4609\" data-element_type=\"widget\" data-widget_type=\"image.default\">\n\t\t\t\t<div class=\"elementor-widget-container\">\n\t\t\t\t\t\t\t\t\t\t\t\t\t\t\t<img loading=\"lazy\" decoding=\"async\" width=\"237\" height=\"1024\" src=\"https:\/\/traslagares.com\/wp-content\/uploads\/2022\/10\/oropalido-237x1024-1.png\" class=\"attachment-large size-large wp-image-1202\" alt=\"Vinos Oro Palido\" srcset=\"https:\/\/traslagares.com\/wp-content\/uploads\/2022\/10\/oropalido-237x1024-1.png 237w, https:\/\/traslagares.com\/wp-content\/uploads\/2022\/10\/oropalido-237x1024-1-3x12.png 3w\" sizes=\"(max-width: 237px) 100vw, 237px\" \/>\t\t\t\t\t\t\t\t\t\t\t\t\t\t\t<\/div>\n\t\t\t\t<\/div>\n\t\t\t\t<div class=\"elementor-element elementor-element-5926076a elementor-widget elementor-widget-heading\" data-id=\"5926076a\" data-element_type=\"widget\" data-widget_type=\"heading.default\">\n\t\t\t\t<div class=\"elementor-widget-container\">\n\t\t\t\t\t<h2 class=\"elementor-heading-title elementor-size-default\">Oro p\u00e1lido<\/h2>\t\t\t\t<\/div>\n\t\t\t\t<\/div>\n\t\t\t\t<div class=\"elementor-element elementor-element-d32f847 elementor-align-center elementor-widget elementor-widget-button\" data-id=\"d32f847\" data-element_type=\"widget\" data-widget_type=\"button.default\">\n\t\t\t\t<div class=\"elementor-widget-container\">\n\t\t\t\t\t\t\t\t\t<div class=\"elementor-button-wrapper\">\n\t\t\t\t\t<a class=\"elementor-button elementor-button-link elementor-size-xs\" href=\"https:\/\/traslagares.com\/wp-content\/uploads\/2025\/03\/Nota-de-Cata-Oro-palido-2024.pdf\" target=\"_blank\">\n\t\t\t\t\t\t<span class=\"elementor-button-content-wrapper\">\n\t\t\t\t\t\t<span class=\"elementor-button-icon\">\n\t\t\t\t<i aria-hidden=\"true\" class=\"fas fa-angle-down\"><\/i>\t\t\t<\/span>\n\t\t\t\t\t\t\t\t\t<span class=\"elementor-button-text\">Download tasting note<\/span>\n\t\t\t\t\t<\/span>\n\t\t\t\t\t<\/a>\n\t\t\t\t<\/div>\n\t\t\t\t\t\t\t\t<\/div>\n\t\t\t\t<\/div>\n\t\t\t\t\t<\/div>\n\t\t<\/div>\n\t\t\t\t<div class=\"elementor-column elementor-col-25 elementor-inner-column elementor-element elementor-element-3735c51 elementor-invisible\" data-id=\"3735c51\" data-element_type=\"column\" data-settings=\"{&quot;animation&quot;:&quot;fadeInRight&quot;}\">\n\t\t\t<div class=\"elementor-widget-wrap elementor-element-populated\">\n\t\t\t\t\t\t<div class=\"elementor-element elementor-element-c5f8757 elementor-widget elementor-widget-image\" data-id=\"c5f8757\" data-element_type=\"widget\" data-widget_type=\"image.default\">\n\t\t\t\t<div class=\"elementor-widget-container\">\n\t\t\t\t\t\t\t\t\t\t\t\t\t\t\t<img loading=\"lazy\" decoding=\"async\" width=\"1900\" height=\"1900\" src=\"https:\/\/traslagares.com\/wp-content\/uploads\/2020\/10\/Bodegas-Pago-Traslagares-96.png\" class=\"attachment-full size-full wp-image-270\" alt=\"\" srcset=\"https:\/\/traslagares.com\/wp-content\/uploads\/2020\/10\/Bodegas-Pago-Traslagares-96.png 1900w, https:\/\/traslagares.com\/wp-content\/uploads\/2020\/10\/Bodegas-Pago-Traslagares-96-300x300.png 300w, https:\/\/traslagares.com\/wp-content\/uploads\/2020\/10\/Bodegas-Pago-Traslagares-96-100x100.png 100w, https:\/\/traslagares.com\/wp-content\/uploads\/2020\/10\/Bodegas-Pago-Traslagares-96-600x600.png 600w, https:\/\/traslagares.com\/wp-content\/uploads\/2020\/10\/Bodegas-Pago-Traslagares-96-1024x1024.png 1024w, https:\/\/traslagares.com\/wp-content\/uploads\/2020\/10\/Bodegas-Pago-Traslagares-96-150x150.png 150w, https:\/\/traslagares.com\/wp-content\/uploads\/2020\/10\/Bodegas-Pago-Traslagares-96-768x768.png 768w, https:\/\/traslagares.com\/wp-content\/uploads\/2020\/10\/Bodegas-Pago-Traslagares-96-1536x1536.png 1536w\" sizes=\"(max-width: 1900px) 100vw, 1900px\" \/>\t\t\t\t\t\t\t\t\t\t\t\t\t\t\t<\/div>\n\t\t\t\t<\/div>\n\t\t\t\t<div class=\"elementor-element elementor-element-272cedd elementor-widget elementor-widget-image\" data-id=\"272cedd\" data-element_type=\"widget\" data-widget_type=\"image.default\">\n\t\t\t\t<div class=\"elementor-widget-container\">\n\t\t\t\t\t\t\t\t\t\t\t\t\t\t\t<img loading=\"lazy\" decoding=\"async\" width=\"237\" height=\"1024\" src=\"https:\/\/traslagares.com\/wp-content\/uploads\/2022\/10\/torreon-237x1024-1.png\" class=\"attachment-large size-large wp-image-1203\" alt=\"Vinos Torreon\" srcset=\"https:\/\/traslagares.com\/wp-content\/uploads\/2022\/10\/torreon-237x1024-1.png 237w, https:\/\/traslagares.com\/wp-content\/uploads\/2022\/10\/torreon-237x1024-1-3x12.png 3w\" sizes=\"(max-width: 237px) 100vw, 237px\" \/>\t\t\t\t\t\t\t\t\t\t\t\t\t\t\t<\/div>\n\t\t\t\t<\/div>\n\t\t\t\t<div class=\"elementor-element elementor-element-cadf798 elementor-widget elementor-widget-heading\" data-id=\"cadf798\" data-element_type=\"widget\" data-widget_type=\"heading.default\">\n\t\t\t\t<div class=\"elementor-widget-container\">\n\t\t\t\t\t<h2 class=\"elementor-heading-title elementor-size-default\">Vi\u00f1a Torre\u00f3n<\/h2>\t\t\t\t<\/div>\n\t\t\t\t<\/div>\n\t\t\t\t<div class=\"elementor-element elementor-element-28d39f8 elementor-align-center elementor-widget elementor-widget-button\" data-id=\"28d39f8\" data-element_type=\"widget\" data-widget_type=\"button.default\">\n\t\t\t\t<div class=\"elementor-widget-container\">\n\t\t\t\t\t\t\t\t\t<div class=\"elementor-button-wrapper\">\n\t\t\t\t\t<a class=\"elementor-button elementor-button-link elementor-size-xs\" href=\"https:\/\/traslagares.com\/wp-content\/uploads\/2025\/03\/Nota-de-Cata-Torreon-2024.pdf\" target=\"_blank\">\n\t\t\t\t\t\t<span class=\"elementor-button-content-wrapper\">\n\t\t\t\t\t\t<span class=\"elementor-button-icon\">\n\t\t\t\t<i aria-hidden=\"true\" class=\"fas fa-angle-down\"><\/i>\t\t\t<\/span>\n\t\t\t\t\t\t\t\t\t<span class=\"elementor-button-text\">Download tasting note<\/span>\n\t\t\t\t\t<\/span>\n\t\t\t\t\t<\/a>\n\t\t\t\t<\/div>\n\t\t\t\t\t\t\t\t<\/div>\n\t\t\t\t<\/div>\n\t\t\t\t\t<\/div>\n\t\t<\/div>\n\t\t\t\t\t<\/div>\n\t\t<\/section>\n\t\t\t\t<section class=\"elementor-section elementor-top-section elementor-element elementor-element-b02d58e elementor-section-content-middle elementor-section-boxed elementor-section-height-default elementor-section-height-default\" data-id=\"b02d58e\" data-element_type=\"section\" data-settings=\"{&quot;background_background&quot;:&quot;classic&quot;,&quot;background_motion_fx_motion_fx_scrolling&quot;:&quot;yes&quot;,&quot;background_motion_fx_translateY_effect&quot;:&quot;yes&quot;,&quot;background_motion_fx_translateY_speed&quot;:{&quot;unit&quot;:&quot;px&quot;,&quot;size&quot;:10,&quot;sizes&quot;:[]},&quot;background_motion_fx_translateY_affectedRange&quot;:{&quot;unit&quot;:&quot;%&quot;,&quot;size&quot;:&quot;&quot;,&quot;sizes&quot;:{&quot;start&quot;:0,&quot;end&quot;:100}},&quot;background_motion_fx_devices&quot;:[&quot;desktop&quot;,&quot;tablet&quot;,&quot;mobile&quot;]}\">\n\t\t\t\t\t\t<div class=\"elementor-container elementor-column-gap-default\">\n\t\t\t\t\t<div class=\"elementor-column elementor-col-100 elementor-top-column elementor-element elementor-element-827739f\" data-id=\"827739f\" data-element_type=\"column\">\n\t\t\t<div class=\"elementor-widget-wrap\">\n\t\t\t\t\t\t\t<\/div>\n\t\t<\/div>\n\t\t\t\t\t<\/div>\n\t\t<\/section>\n\t\t\t\t<\/div>","protected":false},"excerpt":{"rendered":"<p>Nuestros vinos De la tradici\u00f3n heredada de nuestros abuelos Los vinos Todos los vinos de la bodega Traslagares son blancos con la denominaci\u00f3n de origen de Rueda. Nuestra superficie de vi\u00f1edo es de 35 hect\u00e1reas, de las que 1,5 son de Sauvignon Blanc y el resto de la variedad aut\u00f3ctona, la Verdeja. La mayor parte [&hellip;]<\/p>","protected":false},"author":1,"featured_media":0,"parent":0,"menu_order":0,"comment_status":"closed","ping_status":"closed","template":"","meta":{"footnotes":""},"class_list":["post-94","page","type-page","status-publish","hentry"],"_links":{"self":[{"href":"https:\/\/traslagares.com\/en\/wp-json\/wp\/v2\/pages\/94","targetHints":{"allow":["GET"]}}],"collection":[{"href":"https:\/\/traslagares.com\/en\/wp-json\/wp\/v2\/pages"}],"about":[{"href":"https:\/\/traslagares.com\/en\/wp-json\/wp\/v2\/types\/page"}],"author":[{"embeddable":true,"href":"https:\/\/traslagares.com\/en\/wp-json\/wp\/v2\/users\/1"}],"replies":[{"embeddable":true,"href":"https:\/\/traslagares.com\/en\/wp-json\/wp\/v2\/comments?post=94"}],"version-history":[{"count":166,"href":"https:\/\/traslagares.com\/en\/wp-json\/wp\/v2\/pages\/94\/revisions"}],"predecessor-version":[{"id":1776,"href":"https:\/\/traslagares.com\/en\/wp-json\/wp\/v2\/pages\/94\/revisions\/1776"}],"wp:attachment":[{"href":"https:\/\/traslagares.com\/en\/wp-json\/wp\/v2\/media?parent=94"}],"curies":[{"name":"wp","href":"https:\/\/api.w.org\/{rel}","templated":true}]}}