{"id":135,"date":"2020-10-26T17:05:18","date_gmt":"2020-10-26T17:05:18","guid":{"rendered":"https:\/\/traslagares.com\/?page_id=135"},"modified":"2025-04-11T19:29:16","modified_gmt":"2025-04-11T19:29:16","slug":"sostenibilidad","status":"publish","type":"page","link":"https:\/\/traslagares.com\/es_ES\/sostenibilidad\/","title":{"rendered":"Sostenibilidad"},"content":{"rendered":"\t\t<div data-elementor-type=\"wp-page\" data-elementor-id=\"135\" class=\"elementor elementor-135\" data-elementor-post-type=\"page\">\n\t\t\t\t\t\t<section class=\"elementor-section elementor-top-section elementor-element elementor-element-381ad171 elementor-section-content-middle elementor-section-full_width elementor-section-height-min-height elementor-section-height-default elementor-section-items-middle\" data-id=\"381ad171\" data-element_type=\"section\" data-settings=\"{&quot;background_background&quot;:&quot;classic&quot;}\">\n\t\t\t\t\t\t<div class=\"elementor-container elementor-column-gap-default\">\n\t\t\t\t\t<div class=\"elementor-column elementor-col-100 elementor-top-column elementor-element elementor-element-3d4e8aa8\" data-id=\"3d4e8aa8\" data-element_type=\"column\" data-settings=\"{&quot;background_background&quot;:&quot;classic&quot;}\">\n\t\t\t<div class=\"elementor-widget-wrap elementor-element-populated\">\n\t\t\t\t\t\t<div class=\"elementor-element elementor-element-12accee elementor-widget elementor-widget-heading\" data-id=\"12accee\" data-element_type=\"widget\" data-widget_type=\"heading.default\">\n\t\t\t\t<div class=\"elementor-widget-container\">\n\t\t\t\t\t<h1 class=\"elementor-heading-title elementor-size-default\">Sostenibilidad<\/h1>\t\t\t\t<\/div>\n\t\t\t\t<\/div>\n\t\t\t\t\t<\/div>\n\t\t<\/div>\n\t\t\t\t\t<\/div>\n\t\t<\/section>\n\t\t\t\t<section class=\"elementor-section elementor-top-section elementor-element elementor-element-4e64825c elementor-section-boxed elementor-section-height-default elementor-section-height-default\" data-id=\"4e64825c\" data-element_type=\"section\">\n\t\t\t\t\t\t<div class=\"elementor-container elementor-column-gap-no\">\n\t\t\t\t\t<div class=\"elementor-column elementor-col-50 elementor-top-column elementor-element elementor-element-5845badd elementor-invisible\" data-id=\"5845badd\" data-element_type=\"column\" data-settings=\"{&quot;animation&quot;:&quot;slideInLeft&quot;}\">\n\t\t\t<div class=\"elementor-widget-wrap elementor-element-populated\">\n\t\t\t\t\t\t<div class=\"elementor-element elementor-element-7e13a579 elementor-widget elementor-widget-heading\" data-id=\"7e13a579\" data-element_type=\"widget\" data-widget_type=\"heading.default\">\n\t\t\t\t<div class=\"elementor-widget-container\">\n\t\t\t\t\t<h2 class=\"elementor-heading-title elementor-size-default\">Pr\u00e1cticas<\/h2>\t\t\t\t<\/div>\n\t\t\t\t<\/div>\n\t\t\t\t<div class=\"elementor-element elementor-element-3b32a311 elementor-widget elementor-widget-heading\" data-id=\"3b32a311\" data-element_type=\"widget\" data-widget_type=\"heading.default\">\n\t\t\t\t<div class=\"elementor-widget-container\">\n\t\t\t\t\t<h2 class=\"elementor-heading-title elementor-size-default\">Sostenibles<\/h2>\t\t\t\t<\/div>\n\t\t\t\t<\/div>\n\t\t\t\t<div class=\"elementor-element elementor-element-a49e0d1 elementor-widget elementor-widget-text-editor\" data-id=\"a49e0d1\" data-element_type=\"widget\" data-widget_type=\"text-editor.default\">\n\t\t\t\t<div class=\"elementor-widget-container\">\n\t\t\t\t\t\t\t\t\t<p><span style=\"font-weight: 400;\">En Traslagares nos planteamos desde la construcci\u00f3n de la bodega obtener vinos de la mejor calidad posible apostando por la sostenibilidad y controlando el impacto en el medio ambiente. Por ello realizamos una serie de pr\u00e1cticas cuidadosas con estos valores:<\/span><\/p>\t\t\t\t\t\t\t\t<\/div>\n\t\t\t\t<\/div>\n\t\t\t\t<div class=\"elementor-element elementor-element-b782da7 elementor-icon-list--layout-traditional elementor-list-item-link-full_width elementor-widget elementor-widget-icon-list\" data-id=\"b782da7\" data-element_type=\"widget\" data-widget_type=\"icon-list.default\">\n\t\t\t\t<div class=\"elementor-widget-container\">\n\t\t\t\t\t\t\t<ul class=\"elementor-icon-list-items\">\n\t\t\t\t\t\t\t<li class=\"elementor-icon-list-item\">\n\t\t\t\t\t\t\t\t\t\t\t<span class=\"elementor-icon-list-icon\">\n\t\t\t\t\t\t\t<i aria-hidden=\"true\" class=\"fas fa-leaf\"><\/i>\t\t\t\t\t\t<\/span>\n\t\t\t\t\t\t\t\t\t\t<span class=\"elementor-icon-list-text\"> Plantamos las vi\u00f1as en curvas de nivel del terreno para evitar la erosi\u00f3n.<\/span>\n\t\t\t\t\t\t\t\t\t<\/li>\n\t\t\t\t\t\t\t\t<li class=\"elementor-icon-list-item\">\n\t\t\t\t\t\t\t\t\t\t\t<span class=\"elementor-icon-list-icon\">\n\t\t\t\t\t\t\t<i aria-hidden=\"true\" class=\"fas fa-leaf\"><\/i>\t\t\t\t\t\t<\/span>\n\t\t\t\t\t\t\t\t\t\t<span class=\"elementor-icon-list-text\">Gesti\u00f3n sostenible del agua: Extraemos el agua de bajo tierra, la transformamos en potable y la utilizamos tanto para la limpieza de la bodega y para el riego del vi\u00f1edo<\/span>\n\t\t\t\t\t\t\t\t\t<\/li>\n\t\t\t\t\t\t\t\t<li class=\"elementor-icon-list-item\">\n\t\t\t\t\t\t\t\t\t\t\t<span class=\"elementor-icon-list-icon\">\n\t\t\t\t\t\t\t<i aria-hidden=\"true\" class=\"fas fa-leaf\"><\/i>\t\t\t\t\t\t<\/span>\n\t\t\t\t\t\t\t\t\t\t<span class=\"elementor-icon-list-text\">Gesti\u00f3n de residuos: reciclamos el vidrio en colaboraci\u00f3n con la asociaci\u00f3n *ecovidrio*. Tambi\u00e9n reutilizamos la piel de las uvas tras el prensado como abono para las vi\u00f1as.<\/span>\n\t\t\t\t\t\t\t\t\t<\/li>\n\t\t\t\t\t\t\t\t<li class=\"elementor-icon-list-item\">\n\t\t\t\t\t\t\t\t\t\t\t<span class=\"elementor-icon-list-icon\">\n\t\t\t\t\t\t\t<i aria-hidden=\"true\" class=\"fas fa-leaf\"><\/i>\t\t\t\t\t\t<\/span>\n\t\t\t\t\t\t\t\t\t\t<span class=\"elementor-icon-list-text\">En el vi\u00f1edo tenemos paneles fotovoltaicos que generan electricidad gracias a la energ\u00eda solar.<\/span>\n\t\t\t\t\t\t\t\t\t<\/li>\n\t\t\t\t\t\t\t\t<li class=\"elementor-icon-list-item\">\n\t\t\t\t\t\t\t\t\t\t\t<span class=\"elementor-icon-list-icon\">\n\t\t\t\t\t\t\t<i aria-hidden=\"true\" class=\"fas fa-leaf\"><\/i>\t\t\t\t\t\t<\/span>\n\t\t\t\t\t\t\t\t\t\t<span class=\"elementor-icon-list-text\">Embotellado sostenible: Utilizamos botellas ecova reciclables para reducir las emisiones CO2<\/span>\n\t\t\t\t\t\t\t\t\t<\/li>\n\t\t\t\t\t\t\t\t<li class=\"elementor-icon-list-item\">\n\t\t\t\t\t\t\t\t\t\t\t<span class=\"elementor-icon-list-icon\">\n\t\t\t\t\t\t\t<i aria-hidden=\"true\" class=\"fas fa-leaf\"><\/i>\t\t\t\t\t\t<\/span>\n\t\t\t\t\t\t\t\t\t\t<span class=\"elementor-icon-list-text\">Aprovechamos el desnivel del terreno para utilizar la gravedad como fuente de impulsi\u00f3n. La nave donde se elabora el vino est\u00e1 semienterrada con lo que logramos un aislamiento natural que favorece la estabilidad e idoneidad de la temperatura. <\/span>\n\t\t\t\t\t\t\t\t\t<\/li>\n\t\t\t\t\t\t<\/ul>\n\t\t\t\t\t\t<\/div>\n\t\t\t\t<\/div>\n\t\t\t\t\t<\/div>\n\t\t<\/div>\n\t\t\t\t<div class=\"elementor-column elementor-col-50 elementor-top-column elementor-element elementor-element-3ddc3dc9 elementor-invisible\" data-id=\"3ddc3dc9\" data-element_type=\"column\" data-settings=\"{&quot;animation&quot;:&quot;slideInRight&quot;}\">\n\t\t\t<div class=\"elementor-widget-wrap elementor-element-populated\">\n\t\t\t\t\t\t<div class=\"elementor-element elementor-element-148cd1a elementor-widget elementor-widget-image\" data-id=\"148cd1a\" data-element_type=\"widget\" data-widget_type=\"image.default\">\n\t\t\t\t<div class=\"elementor-widget-container\">\n\t\t\t\t\t\t\t\t\t\t\t\t\t\t\t<img fetchpriority=\"high\" decoding=\"async\" width=\"296\" height=\"532\" src=\"https:\/\/traslagares.com\/wp-content\/uploads\/2020\/10\/figura2.png\" class=\"attachment-large size-large wp-image-120\" alt=\"\" srcset=\"https:\/\/traslagares.com\/wp-content\/uploads\/2020\/10\/figura2.png 296w, https:\/\/traslagares.com\/wp-content\/uploads\/2020\/10\/figura2-167x300.png 167w\" sizes=\"(max-width: 296px) 100vw, 296px\" \/>\t\t\t\t\t\t\t\t\t\t\t\t\t\t\t<\/div>\n\t\t\t\t<\/div>\n\t\t\t\t<div class=\"elementor-element elementor-element-381461d9 elementor-hidden-phone elementor-widget elementor-widget-image\" data-id=\"381461d9\" data-element_type=\"widget\" data-widget_type=\"image.default\">\n\t\t\t\t<div class=\"elementor-widget-container\">\n\t\t\t\t\t\t\t\t\t\t\t\t\t\t\t<img decoding=\"async\" width=\"800\" height=\"534\" src=\"https:\/\/traslagares.com\/wp-content\/uploads\/2020\/10\/Bodegas-Pago-Traslagares-238-1024x683.jpg\" class=\"attachment-large size-large wp-image-126\" alt=\"\" srcset=\"https:\/\/traslagares.com\/wp-content\/uploads\/2020\/10\/Bodegas-Pago-Traslagares-238-1024x683.jpg 1024w, https:\/\/traslagares.com\/wp-content\/uploads\/2020\/10\/Bodegas-Pago-Traslagares-238-scaled-600x400.jpg 600w, https:\/\/traslagares.com\/wp-content\/uploads\/2020\/10\/Bodegas-Pago-Traslagares-238-300x200.jpg 300w, https:\/\/traslagares.com\/wp-content\/uploads\/2020\/10\/Bodegas-Pago-Traslagares-238-768x512.jpg 768w, https:\/\/traslagares.com\/wp-content\/uploads\/2020\/10\/Bodegas-Pago-Traslagares-238-1536x1024.jpg 1536w, https:\/\/traslagares.com\/wp-content\/uploads\/2020\/10\/Bodegas-Pago-Traslagares-238-2048x1366.jpg 2048w\" sizes=\"(max-width: 800px) 100vw, 800px\" \/>\t\t\t\t\t\t\t\t\t\t\t\t\t\t\t<\/div>\n\t\t\t\t<\/div>\n\t\t\t\t<div class=\"elementor-element elementor-element-3cfe76b elementor-hidden-phone elementor-widget elementor-widget-image\" data-id=\"3cfe76b\" data-element_type=\"widget\" data-widget_type=\"image.default\">\n\t\t\t\t<div class=\"elementor-widget-container\">\n\t\t\t\t\t\t\t\t\t\t\t\t\t\t\t<img decoding=\"async\" width=\"800\" height=\"600\" src=\"https:\/\/traslagares.com\/wp-content\/uploads\/2021\/02\/agua-1024x768.jpeg\" class=\"attachment-large size-large wp-image-967\" alt=\"\" srcset=\"https:\/\/traslagares.com\/wp-content\/uploads\/2021\/02\/agua-1024x768.jpeg 1024w, https:\/\/traslagares.com\/wp-content\/uploads\/2021\/02\/agua-600x450.jpeg 600w, https:\/\/traslagares.com\/wp-content\/uploads\/2021\/02\/agua-300x225.jpeg 300w, https:\/\/traslagares.com\/wp-content\/uploads\/2021\/02\/agua-768x576.jpeg 768w, https:\/\/traslagares.com\/wp-content\/uploads\/2021\/02\/agua-1536x1152.jpeg 1536w, https:\/\/traslagares.com\/wp-content\/uploads\/2021\/02\/agua-2048x1536.jpeg 2048w\" sizes=\"(max-width: 800px) 100vw, 800px\" \/>\t\t\t\t\t\t\t\t\t\t\t\t\t\t\t<\/div>\n\t\t\t\t<\/div>\n\t\t\t\t\t<\/div>\n\t\t<\/div>\n\t\t\t\t\t<\/div>\n\t\t<\/section>\n\t\t\t\t<section class=\"elementor-section elementor-top-section elementor-element elementor-element-25a6eb4 elementor-section-boxed elementor-section-height-default elementor-section-height-default\" data-id=\"25a6eb4\" data-element_type=\"section\">\n\t\t\t\t\t\t<div class=\"elementor-container elementor-column-gap-default\">\n\t\t\t\t\t<div class=\"elementor-column elementor-col-100 elementor-top-column elementor-element elementor-element-3126664\" data-id=\"3126664\" data-element_type=\"column\">\n\t\t\t<div class=\"elementor-widget-wrap elementor-element-populated\">\n\t\t\t\t\t\t<div class=\"elementor-element elementor-element-2fc81a2 elementor-widget__width-auto elementor-widget elementor-widget-image\" data-id=\"2fc81a2\" data-element_type=\"widget\" data-widget_type=\"image.default\">\n\t\t\t\t<div class=\"elementor-widget-container\">\n\t\t\t\t\t\t\t\t\t\t\t\t\t\t\t<img loading=\"lazy\" decoding=\"async\" width=\"1\" height=\"1\" src=\"https:\/\/traslagares.com\/wp-content\/uploads\/2021\/02\/ecovalogo-1.svg\" class=\"attachment-large size-large wp-image-975\" alt=\"\" \/>\t\t\t\t\t\t\t\t\t\t\t\t\t\t\t<\/div>\n\t\t\t\t<\/div>\n\t\t\t\t<div class=\"elementor-element elementor-element-0f8a64e elementor-widget__width-auto elementor-widget elementor-widget-image\" data-id=\"0f8a64e\" data-element_type=\"widget\" data-widget_type=\"image.default\">\n\t\t\t\t<div class=\"elementor-widget-container\">\n\t\t\t\t\t\t\t\t\t\t\t\t\t\t\t<img loading=\"lazy\" decoding=\"async\" width=\"1\" height=\"1\" src=\"https:\/\/traslagares.com\/wp-content\/uploads\/2021\/02\/ecovidrio.svg\" class=\"attachment-large size-large wp-image-974\" alt=\"\" \/>\t\t\t\t\t\t\t\t\t\t\t\t\t\t\t<\/div>\n\t\t\t\t<\/div>\n\t\t\t\t\t<\/div>\n\t\t<\/div>\n\t\t\t\t\t<\/div>\n\t\t<\/section>\n\t\t\t\t<section class=\"elementor-section elementor-top-section elementor-element elementor-element-7fed4ab0 elementor-section-boxed elementor-section-height-default elementor-section-height-default\" data-id=\"7fed4ab0\" data-element_type=\"section\">\n\t\t\t\t\t\t<div class=\"elementor-container elementor-column-gap-no\">\n\t\t\t\t\t<div class=\"elementor-column elementor-col-50 elementor-top-column elementor-element elementor-element-5a0c3a97 elementor-invisible\" data-id=\"5a0c3a97\" data-element_type=\"column\" data-settings=\"{&quot;animation&quot;:&quot;slideInUp&quot;}\">\n\t\t\t<div class=\"elementor-widget-wrap elementor-element-populated\">\n\t\t\t\t\t\t<div class=\"elementor-element elementor-element-47e7462 elementor-widget elementor-widget-image\" data-id=\"47e7462\" data-element_type=\"widget\" data-widget_type=\"image.default\">\n\t\t\t\t<div class=\"elementor-widget-container\">\n\t\t\t\t\t\t\t\t\t\t\t\t\t\t\t<img fetchpriority=\"high\" decoding=\"async\" width=\"296\" height=\"532\" src=\"https:\/\/traslagares.com\/wp-content\/uploads\/2020\/10\/figura2.png\" class=\"attachment-large size-large wp-image-120\" alt=\"\" srcset=\"https:\/\/traslagares.com\/wp-content\/uploads\/2020\/10\/figura2.png 296w, https:\/\/traslagares.com\/wp-content\/uploads\/2020\/10\/figura2-167x300.png 167w\" sizes=\"(max-width: 296px) 100vw, 296px\" \/>\t\t\t\t\t\t\t\t\t\t\t\t\t\t\t<\/div>\n\t\t\t\t<\/div>\n\t\t\t\t<div class=\"elementor-element elementor-element-744a48b2 elementor-hidden-phone elementor-widget elementor-widget-image\" data-id=\"744a48b2\" data-element_type=\"widget\" data-widget_type=\"image.default\">\n\t\t\t\t<div class=\"elementor-widget-container\">\n\t\t\t\t\t\t\t\t\t\t\t\t\t\t\t<img loading=\"lazy\" decoding=\"async\" width=\"800\" height=\"534\" src=\"https:\/\/traslagares.com\/wp-content\/uploads\/2020\/11\/Bodegas-Pago-Traslagares-111-1024x683.jpg\" class=\"attachment-large size-large wp-image-363\" alt=\"\" srcset=\"https:\/\/traslagares.com\/wp-content\/uploads\/2020\/11\/Bodegas-Pago-Traslagares-111-1024x683.jpg 1024w, https:\/\/traslagares.com\/wp-content\/uploads\/2020\/11\/Bodegas-Pago-Traslagares-111-scaled-600x400.jpg 600w, https:\/\/traslagares.com\/wp-content\/uploads\/2020\/11\/Bodegas-Pago-Traslagares-111-300x200.jpg 300w, https:\/\/traslagares.com\/wp-content\/uploads\/2020\/11\/Bodegas-Pago-Traslagares-111-768x512.jpg 768w, https:\/\/traslagares.com\/wp-content\/uploads\/2020\/11\/Bodegas-Pago-Traslagares-111-1536x1024.jpg 1536w, https:\/\/traslagares.com\/wp-content\/uploads\/2020\/11\/Bodegas-Pago-Traslagares-111-2048x1366.jpg 2048w\" sizes=\"(max-width: 800px) 100vw, 800px\" \/>\t\t\t\t\t\t\t\t\t\t\t\t\t\t\t<\/div>\n\t\t\t\t<\/div>\n\t\t\t\t<div class=\"elementor-element elementor-element-5f285505 elementor-hidden-phone elementor-widget elementor-widget-image\" data-id=\"5f285505\" data-element_type=\"widget\" data-widget_type=\"image.default\">\n\t\t\t\t<div class=\"elementor-widget-container\">\n\t\t\t\t\t\t\t\t\t\t\t\t\t\t\t<img loading=\"lazy\" decoding=\"async\" width=\"800\" height=\"534\" src=\"https:\/\/traslagares.com\/wp-content\/uploads\/2020\/11\/Bodegas-Pago-Traslagares-21-1024x683.jpg\" class=\"attachment-large size-large wp-image-364\" alt=\"\" srcset=\"https:\/\/traslagares.com\/wp-content\/uploads\/2020\/11\/Bodegas-Pago-Traslagares-21-1024x683.jpg 1024w, https:\/\/traslagares.com\/wp-content\/uploads\/2020\/11\/Bodegas-Pago-Traslagares-21-scaled-600x400.jpg 600w, https:\/\/traslagares.com\/wp-content\/uploads\/2020\/11\/Bodegas-Pago-Traslagares-21-300x200.jpg 300w, https:\/\/traslagares.com\/wp-content\/uploads\/2020\/11\/Bodegas-Pago-Traslagares-21-768x512.jpg 768w, https:\/\/traslagares.com\/wp-content\/uploads\/2020\/11\/Bodegas-Pago-Traslagares-21-1536x1024.jpg 1536w, https:\/\/traslagares.com\/wp-content\/uploads\/2020\/11\/Bodegas-Pago-Traslagares-21-2048x1366.jpg 2048w\" sizes=\"(max-width: 800px) 100vw, 800px\" \/>\t\t\t\t\t\t\t\t\t\t\t\t\t\t\t<\/div>\n\t\t\t\t<\/div>\n\t\t\t\t\t<\/div>\n\t\t<\/div>\n\t\t\t\t<div class=\"elementor-column elementor-col-50 elementor-top-column elementor-element elementor-element-2f10afff elementor-invisible\" data-id=\"2f10afff\" data-element_type=\"column\" data-settings=\"{&quot;animation&quot;:&quot;slideInRight&quot;}\">\n\t\t\t<div class=\"elementor-widget-wrap elementor-element-populated\">\n\t\t\t\t\t\t<div class=\"elementor-element elementor-element-2d93e55 elementor-widget elementor-widget-heading\" data-id=\"2d93e55\" data-element_type=\"widget\" data-widget_type=\"heading.default\">\n\t\t\t\t<div class=\"elementor-widget-container\">\n\t\t\t\t\t<h2 class=\"elementor-heading-title elementor-size-default\">Una estructura<\/h2>\t\t\t\t<\/div>\n\t\t\t\t<\/div>\n\t\t\t\t<div class=\"elementor-element elementor-element-6291e222 elementor-widget elementor-widget-heading\" data-id=\"6291e222\" data-element_type=\"widget\" data-widget_type=\"heading.default\">\n\t\t\t\t<div class=\"elementor-widget-container\">\n\t\t\t\t\t<h2 class=\"elementor-heading-title elementor-size-default\">Inteligente<\/h2>\t\t\t\t<\/div>\n\t\t\t\t<\/div>\n\t\t\t\t<div class=\"elementor-element elementor-element-2026eda5 elementor-widget elementor-widget-text-editor\" data-id=\"2026eda5\" data-element_type=\"widget\" data-widget_type=\"text-editor.default\">\n\t\t\t\t<div class=\"elementor-widget-container\">\n\t\t\t\t\t\t\t\t\t<p><span style=\"font-weight: 400;\">La bodega consta de dos edificios integrados en su entorno. El primero, de estilo tradicional de adobe y ladrillo macizo, alberga las oficinas, sala de cata y laboratorio. El segundo es una moderna nave semienterrada en un cerro y es donde se encuentra la maquinaria de \u00faltima tecnolog\u00eda que utilizamos para elaborar el vino.\u00a0<\/span><\/p><p><span style=\"font-weight: 400;\">Aprovechamos el desnivel del terreno para ubicar a diferentes alturas la tolva, las prensas y los distintos dep\u00f3sitos necesarios para cada proceso. As\u00ed utilizamos la gravedad en vez de la impulsi\u00f3n mec\u00e1nica.\u00a0<\/span><\/p><p><span style=\"font-weight: 400;\">Adem\u00e1s al estar semienterrada, hemos conseguido un aislamiento natural que favorece la estabilidad e idoneidad de la temperatura.<\/span><\/p>\t\t\t\t\t\t\t\t<\/div>\n\t\t\t\t<\/div>\n\t\t\t\t\t<\/div>\n\t\t<\/div>\n\t\t\t\t\t<\/div>\n\t\t<\/section>\n\t\t\t\t<section class=\"elementor-section elementor-top-section elementor-element elementor-element-24183e6d elementor-reverse-mobile elementor-section-boxed elementor-section-height-default elementor-section-height-default\" data-id=\"24183e6d\" data-element_type=\"section\">\n\t\t\t\t\t\t<div class=\"elementor-container elementor-column-gap-default\">\n\t\t\t\t\t<div class=\"elementor-column elementor-col-100 elementor-top-column elementor-element elementor-element-6d14cd27\" data-id=\"6d14cd27\" data-element_type=\"column\">\n\t\t\t<div class=\"elementor-widget-wrap\">\n\t\t\t\t\t\t\t<\/div>\n\t\t<\/div>\n\t\t\t\t\t<\/div>\n\t\t<\/section>\n\t\t\t\t<section class=\"elementor-section elementor-top-section elementor-element elementor-element-5178e4e4 elementor-section-content-middle elementor-section-boxed elementor-section-height-default elementor-section-height-default\" data-id=\"5178e4e4\" data-element_type=\"section\" data-settings=\"{&quot;background_background&quot;:&quot;classic&quot;,&quot;background_motion_fx_motion_fx_scrolling&quot;:&quot;yes&quot;,&quot;background_motion_fx_translateY_effect&quot;:&quot;yes&quot;,&quot;background_motion_fx_translateY_speed&quot;:{&quot;unit&quot;:&quot;px&quot;,&quot;size&quot;:9.1,&quot;sizes&quot;:[]},&quot;background_motion_fx_translateY_affectedRange&quot;:{&quot;unit&quot;:&quot;%&quot;,&quot;size&quot;:&quot;&quot;,&quot;sizes&quot;:{&quot;start&quot;:0,&quot;end&quot;:100}},&quot;background_motion_fx_devices&quot;:[&quot;desktop&quot;,&quot;tablet&quot;,&quot;mobile&quot;]}\">\n\t\t\t\t\t\t<div class=\"elementor-container elementor-column-gap-default\">\n\t\t\t\t\t<div class=\"elementor-column elementor-col-100 elementor-top-column elementor-element elementor-element-9989df4\" data-id=\"9989df4\" data-element_type=\"column\">\n\t\t\t<div class=\"elementor-widget-wrap\">\n\t\t\t\t\t\t\t<\/div>\n\t\t<\/div>\n\t\t\t\t\t<\/div>\n\t\t<\/section>\n\t\t\t\t<\/div>\n\t\t","protected":false},"excerpt":{"rendered":"<p>Sostenibilidad Pr\u00e1cticas Sostenibles En Traslagares nos planteamos desde la construcci\u00f3n de la bodega obtener vinos de la mejor calidad posible apostando por la sostenibilidad y controlando el impacto en el medio ambiente. Por ello realizamos una serie de pr\u00e1cticas cuidadosas con estos valores: Plantamos las vi\u00f1as en curvas de nivel del terreno para evitar la [&hellip;]<\/p>\n","protected":false},"author":1,"featured_media":0,"parent":0,"menu_order":0,"comment_status":"closed","ping_status":"closed","template":"elementor_header_footer","meta":{"footnotes":""},"class_list":["post-135","page","type-page","status-publish","hentry"],"_links":{"self":[{"href":"https:\/\/traslagares.com\/es_ES\/wp-json\/wp\/v2\/pages\/135","targetHints":{"allow":["GET"]}}],"collection":[{"href":"https:\/\/traslagares.com\/es_ES\/wp-json\/wp\/v2\/pages"}],"about":[{"href":"https:\/\/traslagares.com\/es_ES\/wp-json\/wp\/v2\/types\/page"}],"author":[{"embeddable":true,"href":"https:\/\/traslagares.com\/es_ES\/wp-json\/wp\/v2\/users\/1"}],"replies":[{"embeddable":true,"href":"https:\/\/traslagares.com\/es_ES\/wp-json\/wp\/v2\/comments?post=135"}],"version-history":[{"count":70,"href":"https:\/\/traslagares.com\/es_ES\/wp-json\/wp\/v2\/pages\/135\/revisions"}],"predecessor-version":[{"id":1190,"href":"https:\/\/traslagares.com\/es_ES\/wp-json\/wp\/v2\/pages\/135\/revisions\/1190"}],"wp:attachment":[{"href":"https:\/\/traslagares.com\/es_ES\/wp-json\/wp\/v2\/media?parent=135"}],"curies":[{"name":"wp","href":"https:\/\/api.w.org\/{rel}","templated":true}]}}