{"id":415,"date":"2020-11-10T14:40:51","date_gmt":"2020-11-10T14:40:51","guid":{"rendered":"https:\/\/traslagares.com\/?post_type=product&#038;p=415"},"modified":"2025-12-19T07:58:08","modified_gmt":"2025-12-19T07:58:08","slug":"sauvignon","status":"publish","type":"product","link":"https:\/\/traslagares.com\/es_ES\/producto\/sauvignon\/","title":{"rendered":"Sauvignon 2025"},"content":{"rendered":"<p>D.O. Rueda \/ Cosecha 2025<\/p>\n","protected":false},"excerpt":{"rendered":"<p>La recompensa a los continuos cuidados de nuestros vi\u00f1edos, situados en la cuna de la D. O. Rueda, es la uva de excelente calidad de la que se obtiene Traslagares Sauvignon.<\/p>\n<p>Tras una meticulosa elaboraci\u00f3n, uniendo tradici\u00f3n y tecnolog\u00eda, como requiere una variedad como el Sauvignon Blanc, podemos ofrecer un vino alegre, amable y sorprendente.<\/p>\n","protected":false},"featured_media":779,"comment_status":"open","ping_status":"closed","template":"","meta":{"wds_primary_product_brand":0,"wds_primary_product_cat":0},"product_brand":[],"product_cat":[27],"product_tag":[34],"class_list":{"0":"post-415","1":"product","2":"type-product","3":"status-publish","4":"has-post-thumbnail","6":"product_cat-sauvignon","7":"product_tag-vinos","9":"first","10":"instock","11":"taxable","12":"shipping-taxable","13":"purchasable","14":"product-type-simple"},"_links":{"self":[{"href":"https:\/\/traslagares.com\/es_ES\/wp-json\/wp\/v2\/product\/415","targetHints":{"allow":["GET"]}}],"collection":[{"href":"https:\/\/traslagares.com\/es_ES\/wp-json\/wp\/v2\/product"}],"about":[{"href":"https:\/\/traslagares.com\/es_ES\/wp-json\/wp\/v2\/types\/product"}],"replies":[{"embeddable":true,"href":"https:\/\/traslagares.com\/es_ES\/wp-json\/wp\/v2\/comments?post=415"}],"wp:featuredmedia":[{"embeddable":true,"href":"https:\/\/traslagares.com\/es_ES\/wp-json\/wp\/v2\/media\/779"}],"wp:attachment":[{"href":"https:\/\/traslagares.com\/es_ES\/wp-json\/wp\/v2\/media?parent=415"}],"wp:term":[{"taxonomy":"product_brand","embeddable":true,"href":"https:\/\/traslagares.com\/es_ES\/wp-json\/wp\/v2\/product_brand?post=415"},{"taxonomy":"product_cat","embeddable":true,"href":"https:\/\/traslagares.com\/es_ES\/wp-json\/wp\/v2\/product_cat?post=415"},{"taxonomy":"product_tag","embeddable":true,"href":"https:\/\/traslagares.com\/es_ES\/wp-json\/wp\/v2\/product_tag?post=415"}],"curies":[{"name":"wp","href":"https:\/\/api.w.org\/{rel}","templated":true}]}}